{"id":7950,"date":"2022-10-04T15:07:13","date_gmt":"2022-10-04T13:07:13","guid":{"rendered":"https:\/\/sspayment.com\/?page_id=7950"},"modified":"2025-12-16T10:53:31","modified_gmt":"2025-12-16T08:53:31","slug":"home","status":"publish","type":"page","link":"https:\/\/sspayment.com\/en\/","title":{"rendered":"Home"},"content":{"rendered":"<section class=\"page-section page-section--text-image-intro \" id=\"block_4aaf9be69d36410c2f81231efb502b93\">\n    <div class=\"section-shapes\">\n                    <div class=\"section-shape section-shape--left\">\n                <img decoding=\"async\" src=\"\/wp-content\/themes\/theme-ssp\/build\/images\/main-shape-cropped.ad473b09.png\" alt=\"\">\n            <\/div>\n                            <div class=\"section-shape section-shape--right shape-\">\n                <img decoding=\"async\" src=\"\/wp-content\/themes\/theme-ssp\/build\/images\/main-shape-cropped.ad473b09.png\" alt=\"\">\n            <\/div>\n            <\/div>\n    <div class=\"container width-text-big\">\n        <div class=\"text\">\n            <div class=\"wysiwyg-content\">\n                <h1><strong>Payment made simple: fast, easy, and secure<\/strong><\/h1>\n<p>With <strong>SSP&#8217;s online payment solutions<\/strong>, you can simplify\u00a0 clients&#8217; buying journeys and simultaneously increase your turnover! SSP develops digital payment solutions allowing you to sell in store, remotely, and online, and in an ergonomic and secure environment.<\/p>\n<p><a class=\"btn btn-rounded btn-gradient\" href=\"https:\/\/sspayment.com\/en\/contact-us\/\">Contact us<\/a><\/p>\n\n            <\/div>\n        <\/div>\n                                                <div class=\"image align-center \">\n                                            <img decoding=\"async\" src=\"https:\/\/sspayment.com\/wp-content\/uploads\/2021\/06\/ssp_appli_comment_payer-2.png\" alt=\"Solutions de paiement en ligne &#038; omnicanal\"\n                             class=\"img-fluid\">\n                                    <\/div>\n                        <\/div>\n    <\/section>\n\n\n<section class=\"page-section page-section--logo-partners \" id=\"block_748b99fef67838a917dc5de6b0a3d30e\">\n    <div class=\"container\">\n                                                    <div class=\"partner-logos\">\n                    <div class=\"splide js-partner-logos\" aria-label=\"Partenaires\">\n                        <div class=\"splide__track\">\n                            <ul class=\"splide__list\">\n                                                                    \n                                                                                                            \n                                    <li class=\"splide__slide partner-logos__slide\">\n                                                                                    <img class=\"partner-logos__img\" src=\"https:\/\/sspayment.com\/wp-content\/uploads\/2024\/02\/2560px-groupe_psa_logo-svg_resultat-112x63.png\" alt=\"\" loading=\"lazy\" decoding=\"async\">\n                                                                            <\/li>\n                                                                    \n                                                                                                            \n                                    <li class=\"splide__slide partner-logos__slide\">\n                                                                                    <img class=\"partner-logos__img\" src=\"https:\/\/sspayment.com\/wp-content\/uploads\/2024\/02\/ford_logo-svg_resultat-112x43.png\" alt=\"\" loading=\"lazy\" decoding=\"async\">\n                                                                            <\/li>\n                                                                    \n                                                                                                            \n                                    <li class=\"splide__slide partner-logos__slide\">\n                                                                                    <img class=\"partner-logos__img\" src=\"https:\/\/sspayment.com\/wp-content\/uploads\/2024\/02\/corsica-logo_fr_resultat-112x39.png\" alt=\"\" loading=\"lazy\" decoding=\"async\">\n                                                                            <\/li>\n                                                                    \n                                                                                                            \n                                    <li class=\"splide__slide partner-logos__slide\">\n                                                                                    <img class=\"partner-logos__img\" src=\"https:\/\/sspayment.com\/wp-content\/uploads\/2024\/02\/logo_sncf_2011-svg_resultat-112x59.png\" alt=\"\" loading=\"lazy\" decoding=\"async\">\n                                                                            <\/li>\n                                                                    \n                                                                                                            \n                                    <li class=\"splide__slide partner-logos__slide\">\n                                                                                    <img class=\"partner-logos__img\" src=\"https:\/\/sspayment.com\/wp-content\/uploads\/2024\/02\/ikea-logo_resultat-112x43.png\" alt=\"\" loading=\"lazy\" decoding=\"async\">\n                                                                            <\/li>\n                                                                    \n                                                                                                            \n                                    <li class=\"splide__slide partner-logos__slide\">\n                                                                                    <img class=\"partner-logos__img\" src=\"https:\/\/sspayment.com\/wp-content\/uploads\/2024\/02\/logo_metro-svg_resultat-1-112x56.jpg\" alt=\"\" loading=\"lazy\" decoding=\"async\">\n                                                                            <\/li>\n                                                                    \n                                                                                                            \n                                    <li class=\"splide__slide partner-logos__slide\">\n                                                                                    <img class=\"partner-logos__img\" src=\"https:\/\/sspayment.com\/wp-content\/uploads\/2024\/02\/leroy_merlin-svg_resultat-112x67.jpg\" alt=\"\" loading=\"lazy\" decoding=\"async\">\n                                                                            <\/li>\n                                                                    \n                                                                                                            \n                                    <li class=\"splide__slide partner-logos__slide\">\n                                                                                    <img class=\"partner-logos__img\" src=\"https:\/\/sspayment.com\/wp-content\/uploads\/2024\/02\/bricoman-logo2020_resultat-112x84.jpg\" alt=\"\" loading=\"lazy\" decoding=\"async\">\n                                                                            <\/li>\n                                                            <\/ul>\n                        <\/div>\n                    <\/div>\n                <\/div>\n                        <\/div>\n<\/section>\n\n\n<section class=\"page-section page-section--our-solutions bg_blue \" id=\"block_7a7915c1dfaaa87f6dde2fef36cb9432\">\n    <div class=\"container\">\n                    <h2 class=\"title\">Find out more about SSP&#8217;s online and in-store payment solutions<\/h2>\n                            <div class=\"solutions-list\">\n                                    <div class=\"solution-item\">\n                                                                                <div class=\"solution-logo\">\n                                <img decoding=\"async\" src=\"https:\/\/sspayment.com\/wp-content\/uploads\/2021\/01\/solution-dpa.svg\" alt=\"DPA, plateforme de paiement omnicanal\"\n                                     class=\"img-fluid\">\n                            <\/div>\n                                                                            <span class=\"solution-title\">\n                                The in-store or remote payment solution\n                            <\/span>\n                                                                            <div class=\"solution-desc\">\n                                <p>\n                                    DPA is an omni-channel and multi-purpose payment method collection platform, accessible from a SaaS model interface or by using API integration. Unique on the market and using a secure payment link, DPA allows your customers to pay for their purchases using different methods and means of payment.\n                                <\/p>\n                            <\/div>\n                                                                            <div class=\"solution-link\">\n                                <a href=\"https:\/\/sspayment.com\/en\/dpa\/\"\n                                   class=\"btn btn-purple btn-rounded btn-sm\">Find out more about DPA<\/a>\n                            <\/div>\n                                            <\/div>\n                                    <div class=\"solution-item\">\n                                                                                <div class=\"solution-logo\">\n                                <img decoding=\"async\" src=\"https:\/\/sspayment.com\/wp-content\/uploads\/2021\/02\/safedebit.svg\" alt=\"Safedebit, solution de paiement par compte bancaire\"\n                                     class=\"img-fluid\">\n                            <\/div>\n                                                                            <span class=\"solution-title\">\n                                A unique SEPA payment method on the market\n                            <\/span>\n                                                                            <div class=\"solution-desc\">\n                                <p>\n                                    SAFEDEBIT is a SEPA payment solution which manages two direct action methods on a bank account: payment by transfer initiation and guaranteed direct debit. A real alternative to the traditional bank card, you can offer customers an array of different payment methods: payment in full, instalments, deferred payments, recurring payments, security deposits, and trade credit.\n                                <\/p>\n                            <\/div>\n                                                                            <div class=\"solution-link\">\n                                <a href=\"https:\/\/sspayment.com\/en\/safedebit\/\"\n                                   class=\"btn btn-purple btn-rounded btn-sm\">Find out more about SAFEDEBIT<\/a>\n                            <\/div>\n                                            <\/div>\n                                    <div class=\"solution-item\">\n                                                                                <div class=\"solution-logo\">\n                                <img decoding=\"async\" src=\"https:\/\/sspayment.com\/wp-content\/uploads\/2021\/02\/chequeservice.svg\" alt=\"Ch\u00e8que Service, solution de paiement pour s\u00e9curiser vos ch\u00e8ques\"\n                                     class=\"img-fluid\">\n                            <\/div>\n                                                                            <span class=\"solution-title\">\n                                A solution for cheque security and guarantee\n                            <\/span>\n                                                                            <div class=\"solution-desc\">\n                                <p>\n                                    With CHEQUESERVICE, you can secure your turnover and improve your WCR (working capital requirement) by protecting yourself from outstanding arrears. Your customers can pay for their purchases either in full, in instalments or by means of deferred payment. Your payments by cheque are secured thanks to our risk management expertise. In the event of agreement and the return of unpaid cheques, you will be compensated.\n                                <\/p>\n                            <\/div>\n                                                                            <div class=\"solution-link\">\n                                <a href=\"https:\/\/sspayment.com\/en\/cheque-service\/\"\n                                   class=\"btn btn-purple btn-rounded btn-sm\">Find out more about CHEQUE SERVICE<\/a>\n                            <\/div>\n                                            <\/div>\n                            <\/div>\n            <\/div>\n<\/section>\n\n\n<section\n        class=\"page-section page-section--rounded-image-texts bg_white img_txt pb-0\"\n        data-image-width=\"\"\n        id=\"block_97e0be2ce45c60af2fed9c6183f8ff26\">\n    <div class=\"container valign-top\">\n                    <div class=\"image-col\">\n                                                    <div class=\"image rounded-image shape-image \">\n                        <img decoding=\"async\" src=\"https:\/\/sspayment.com\/wp-content\/uploads\/2021\/06\/solution_ssp.jpg\" alt=\"E-mandat SSP\" class=\"img-fluid\">\n                    <\/div>\n                            <\/div>\n                        <div class=\"content-col spacing-big\">\n                            <div class=\"content\">\n                                                                                                        <div class=\"text-block full\">\n                                                                        <div class=\"wysiwyg-content\">\n                                        <h2>The avantages of SSP payment solutions<\/h2>\n\n                                    <\/div>\n                                <\/div>\n                                                            <div class=\"text-block half\">\n                                                                        <div class=\"wysiwyg-content\">\n                                        <p><span class=\"title-4\">You improve your acceptance rate by<\/span><\/p>\n<p><span class=\"txt-keyfigure\"> +60%<\/span><\/p>\n<p style=\"text-align: justify;\">In the event of failure, the &#8220;Retry&#8221; feature allows payments to be taken using another method.<\/p>\n<p>&nbsp;<\/p>\n\n                                    <\/div>\n                                <\/div>\n                                                            <div class=\"text-block half\">\n                                                                        <div class=\"wysiwyg-content\">\n                                        <p><span class=\"title-4\">You reduce the abandonment<\/span><br \/>\n<span class=\"title-4\">rate by<\/span><\/p>\n<p><span class=\"txt-keyfigure\"> &#8211; 45%<\/span><\/p>\n<p style=\"text-align: justify;\">Simply add to the basket and they&#8217;re paid for. With One Clic payment, SAFEDEBIT offers a unique payment experience.<\/p>\n<p>&nbsp;<\/p>\n\n                                    <\/div>\n                                <\/div>\n                                                            <div class=\"text-block half\">\n                                                                        <div class=\"wysiwyg-content\">\n                                        <p><span class=\"title-4\">Increase the average order value of customers by<\/span><\/p>\n<p><span class=\"txt-keyfigure\"> +20%<\/span><\/p>\n<p style=\"text-align: justify;\">Customers will be offered flexibility with a choice of different payment methods.<\/p>\n\n                                    <\/div>\n                                <\/div>\n                                                            <div class=\"text-block full\">\n                                                                        <div class=\"wysiwyg-content\">\n                                        <p><a class=\"btn btn-rounded btn-secondary btn-sm\" href=\"https:\/\/sspayment.com\/en\/contact-us\/\">Contact-us<\/a><\/p>\n\n                                    <\/div>\n                                <\/div>\n                                                                                        <\/div>\n                    <\/div>\n    <\/div>\n<\/section>\n\n\n<section\n        class=\"page-section page-section--rounded-image-texts bg_white txt_img \"\n        data-image-width=\"30\"\n        id=\"block_557e5fe376006297b923f818616ccffc\">\n    <div class=\"container valign-top\">\n                    <div class=\"image-col\">\n                                                    <div class=\"image rounded-image shape-image shape-image-right\">\n                        <img decoding=\"async\" src=\"https:\/\/sspayment.com\/wp-content\/uploads\/2021\/10\/recouvrement-judiciaire-min-1-1280x853.jpeg\" alt=\"\" class=\"img-fluid\">\n                    <\/div>\n                            <\/div>\n                        <div class=\"content-col spacing-small\">\n                            <div class=\"content\">\n                                                                                                        <div class=\"text-block full\">\n                                                                        <div class=\"wysiwyg-content\">\n                                        <h2>Services across the entire payment value chain<\/h2>\n\n                                    <\/div>\n                                <\/div>\n                                                            <div class=\"text-block full\">\n                                                                        <div class=\"wysiwyg-content\">\n                                        <p>Through its <strong>SSPCollect<\/strong> services, SSP offers you a financial mediation approach to help <strong>recover outstanding arrears.<\/strong><\/p>\n<p>From sales reminders on your behalf, to legal recovery procedures related to SSP&#8217;s innovative means of payment, you can speed up the payment of your invoices and reduce your DSO (Days sales outstanding).<\/p>\n<p>For more information on our collection services, click here\u00a0<a href=\"https:\/\/kreancia.com\/\" target=\"_blank\" rel=\"noopener\"><strong>Kreancia<\/strong><\/a><\/p>\n\n                                    <\/div>\n                                <\/div>\n                                                                                        <\/div>\n                    <\/div>\n    <\/div>\n<\/section>\n\n\n<section\n        class=\"page-section page-section--rounded-image-texts bg_blue txt_img \"\n        data-image-width=\"\"\n        id=\"block_e609b67a8420006b2e1e2d7af5e1fc9d\">\n    <div class=\"container valign-center\">\n                    <div class=\"image-col\">\n                                                    <div class=\"image rounded-image shape-image shape-image-right\">\n                        <img decoding=\"async\" src=\"https:\/\/sspayment.com\/wp-content\/uploads\/2021\/06\/api_ssp.jpg\" alt=\"API faciles \u00e0 t\u00e9l\u00e9charger - \u00e9cran tactile\" class=\"img-fluid\">\n                    <\/div>\n                            <\/div>\n                        <div class=\"content-col spacing-big\">\n                            <div class=\"content\">\n                                                                                                        <div class=\"text-block full\">\n                                                                        <div class=\"wysiwyg-content\">\n                                        <h2>SSP also means easily downloadable APIs<\/h2>\n<p>SSP provides innovative solutions to respond to changes in the subscription and payment journey of end customers, both in-store, remotely, and online.<\/p>\n<p>Choosing SSP APIs means choosing an international payment solution which guarantees transaction security and complete peace of mind for your customers.<\/p>\n<p>&nbsp;<\/p>\n<p><a class=\"btn btn-rounded btn-secondary btn-sm\" href=\"https:\/\/sspayment.com\/en\/distributor\/\">Distribute our solutions <\/a><a class=\"btn btn-rounded btn-secondary btn-sm btn-bordered-secondary\" href=\"https:\/\/sspayment.com\/en\/integrator\/\">Integrate our solutions<\/a><\/p>\n\n                                    <\/div>\n                                <\/div>\n                                                                                        <\/div>\n                    <\/div>\n    <\/div>\n<\/section>\n\n\n<section\n        class=\"page-section page-section--rounded-image-texts bg_white img_txt \"\n        data-image-width=\"\"\n        id=\"block_8b4a46821186073253728e2a8477f1e5\">\n    <div class=\"container valign-top\">\n                    <div class=\"image-col\">\n                                                    <div class=\"image rounded-image shape-image \">\n                        <img decoding=\"async\" src=\"https:\/\/sspayment.com\/wp-content\/uploads\/2021\/06\/choisir_ssp.jpg\" alt=\"Coworking - collaboration\" class=\"img-fluid\">\n                    <\/div>\n                            <\/div>\n                        <div class=\"content-col spacing-small\">\n                            <div class=\"content\">\n                                                                                                        <div class=\"text-block full\">\n                                                                        <div class=\"wysiwyg-content\">\n                                        <h2>Why choose SSP?<\/h2>\n\n                                    <\/div>\n                                <\/div>\n                                                            <div class=\"text-block half\">\n                                                                        <div class=\"wysiwyg-content\">\n                                        <p><span class=\"title-4\"><strong>Expertise<\/strong><\/span><\/p>\n<ul>\n<li>30 years\u2019 experience in securing payments.<\/li>\n<li>14,000 customers have put their trust in us.<\/li>\n<li>13 billion euros secured.<\/li>\n<li>18 million transactions processed.<\/li>\n<\/ul>\n\n                                    <\/div>\n                                <\/div>\n                                                            <div class=\"text-block half\">\n                                                                        <div class=\"wysiwyg-content\">\n                                        <p><span class=\"title-4\">INNOVATION<\/span><\/p>\n<p>At the heart of its strategy, SSP focuses on being able to offer innovative solutions for new and emerging requirements. Our technologies make it possible to address opportunities which will help improve the purchasing process for your customers.<\/p>\n\n                                    <\/div>\n                                <\/div>\n                                                            <div class=\"text-block half\">\n                                                                        <div class=\"wysiwyg-content\">\n                                        <p><span class=\"title-4\"><strong>Agility<\/strong><\/span><\/p>\n<p>A human-scale organisation which takes pride in being able to adapt and respond appropriately to your specific needs.<\/p>\n\n                                    <\/div>\n                                <\/div>\n                                                            <div class=\"text-block half\">\n                                                                        <div class=\"wysiwyg-content\">\n                                        <p><span class=\"title-4\"><strong>Compliance<\/strong><\/span><\/p>\n<p>SSP is a payment institution approved by the ACPR (the French regulatory authority), and acts in accordance with all current regulations in force (in particular, PSD2-<strong>Payment Services Directive 2).<\/strong><\/p>\n\n                                    <\/div>\n                                <\/div>\n                                                            <div class=\"text-block full\">\n                                                                        <div class=\"wysiwyg-content\">\n                                        <p><a class=\"btn btn-rounded btn-secondary btn-sm\" href=\"https:\/\/sspayment.com\/en\/about-ssp\/\">About SSP<\/a><\/p>\n\n                                    <\/div>\n                                <\/div>\n                                                                                        <\/div>\n                    <\/div>\n    <\/div>\n<\/section>\n","protected":false},"excerpt":{"rendered":"","protected":false},"author":11,"featured_media":0,"parent":0,"menu_order":0,"comment_status":"closed","ping_status":"closed","template":"","meta":{"_acf_changed":false,"footnotes":""},"class_list":["post-7950","page","type-page","status-publish","hentry"],"acf":[],"_links":{"self":[{"href":"https:\/\/sspayment.com\/en\/wp-json\/wp\/v2\/pages\/7950","targetHints":{"allow":["GET"]}}],"collection":[{"href":"https:\/\/sspayment.com\/en\/wp-json\/wp\/v2\/pages"}],"about":[{"href":"https:\/\/sspayment.com\/en\/wp-json\/wp\/v2\/types\/page"}],"author":[{"embeddable":true,"href":"https:\/\/sspayment.com\/en\/wp-json\/wp\/v2\/users\/11"}],"replies":[{"embeddable":true,"href":"https:\/\/sspayment.com\/en\/wp-json\/wp\/v2\/comments?post=7950"}],"version-history":[{"count":16,"href":"https:\/\/sspayment.com\/en\/wp-json\/wp\/v2\/pages\/7950\/revisions"}],"predecessor-version":[{"id":12683,"href":"https:\/\/sspayment.com\/en\/wp-json\/wp\/v2\/pages\/7950\/revisions\/12683"}],"wp:attachment":[{"href":"https:\/\/sspayment.com\/en\/wp-json\/wp\/v2\/media?parent=7950"}],"curies":[{"name":"wp","href":"https:\/\/api.w.org\/{rel}","templated":true}]}}