{"id":8078,"date":"2022-10-06T11:44:51","date_gmt":"2022-10-06T09:44:51","guid":{"rendered":"https:\/\/sspayment.com\/?page_id=8078"},"modified":"2024-02-23T12:08:54","modified_gmt":"2024-02-23T10:08:54","slug":"transfer","status":"publish","type":"page","link":"https:\/\/sspayment.com\/en\/means-of-payment-diversity\/transfer\/","title":{"rendered":"Transfer"},"content":{"rendered":"<section class=\"page-section page-section--text-image-intro \" id=\"block_fe809d6e814c57688d4ff4a9faab0e60\">\n    <div class=\"section-shapes\">\n                            <div class=\"section-shape section-shape--right shape-\">\n                <img decoding=\"async\" src=\"\/wp-content\/themes\/theme-ssp\/build\/images\/main-shape-cropped.ad473b09.png\" alt=\"\">\n            <\/div>\n            <\/div>\n    <div class=\"container width-text-normal\">\n        <div class=\"text\">\n            <div class=\"wysiwyg-content\">\n                <h1>Timely bank transfer payment with SAFEDEBIT<\/h1>\n<h2><span class=\"txt-secondary\"><span lang=\"EN-GB\">The most secure payment method on the market!<\/span><\/span><\/h2>\n<p><a href=\"https:\/\/sspayment.com\/en\/safedebit\/\"><strong>SAFEDEBIT<\/strong><\/a>\u00a0offers you a\u00a0<strong>simple, fast, and secure bank transfer<\/strong> payment solution.\u00a0The transfer or instant transfer is launched using a <strong>payment initiation<\/strong> which makes it possible to obtain funds within a maximum of ten seconds (in the case of instant transfers) or on D+1 for a standard transfer.<\/p>\n<p><a class=\"btn btn-rounded btn-secondary btn-sm\" href=\"https:\/\/sspayment.com\/en\/contact-us\/\"><strong>Test the solution<\/strong><\/a><\/p>\n\n            <\/div>\n        <\/div>\n                                                <div class=\"image align-center \">\n                                            <img decoding=\"async\" src=\"https:\/\/sspayment.com\/wp-content\/uploads\/2021\/06\/ssp_safedebit_payer_cpte_bancaire-1-1.png\" alt=\"\"\n                             class=\"img-fluid\">\n                                    <\/div>\n                        <\/div>\n    <\/section>\n\n\n<section\n        class=\"page-section page-section--rounded-image-texts bg_white img_txt \"\n        data-image-width=\"30\"\n        id=\"block_a9d31e3d9fefbe84ace8fc998280bc12\">\n    <div class=\"container valign-top\">\n                    <div class=\"image-col\">\n                                                    <div class=\"image rounded-image shape-image \">\n                        <img decoding=\"async\" src=\"https:\/\/sspayment.com\/wp-content\/uploads\/2021\/06\/api_ssp.jpg\" alt=\"API faciles \u00e0 t\u00e9l\u00e9charger - \u00e9cran tactile\" class=\"img-fluid\">\n                    <\/div>\n                            <\/div>\n                        <div class=\"content-col spacing-small\">\n                            <div class=\"content\">\n                                                                                                        <div class=\"text-block full\">\n                                                                        <div class=\"wysiwyg-content\">\n                                        <h2>What are the advantages of bank transfer payments?<\/h2>\n<ul>\n<li><strong>Payment by bank transfer is irreversible: the transaction is 100% guaranteed.<\/strong><\/li>\n<li>Refund Management: You have the flexibility to reimburse your customers easily, and at any time.<\/li>\n<li><strong>A strong and viable alternative to the\u00a0<\/strong><a href=\"https:\/\/sspayment.com\/en\/means-of-payment-diversity\/card-payment\/\"><strong>credit card<\/strong><\/a> <strong>for instant purchases,<\/strong>\u00a0without payment ceilings and cancellations.<\/li>\n<li>The payer simply selects their bank to make the purchase and authenticates the transaction in a completely secure manner.<\/li>\n<li><strong>Up to 80% reduction in your credit card transaction costs.<\/strong><\/li>\n<li>Funds held for amounts up to \u20ac100,000 between 10 seconds and 24 hours<\/li>\n<li>Goodbye payment deadlines and unpaid bills!<\/li>\n<\/ul>\n<p>&nbsp;<\/p>\n\n                                    <\/div>\n                                <\/div>\n                                                                                        <\/div>\n                    <\/div>\n    <\/div>\n<\/section>\n\n\n<section\n        class=\"page-section page-section--rounded-image-texts bg_white txt_img \"\n        data-image-width=\"\"\n        id=\"block_f3eebc0a9be9980f1eb78111b7854727\">\n    <div class=\"container valign-top\">\n                    <div class=\"image-col\">\n                                                    <div class=\"image rounded-image shape-image shape-image-right\">\n                        <img decoding=\"async\" src=\"https:\/\/sspayment.com\/wp-content\/uploads\/2021\/05\/ssp_ecran_payer_cpte_bancaire-1-1.jpg\" alt=\"Paiement compte bancaire Safedebit\" class=\"img-fluid\">\n                    <\/div>\n                            <\/div>\n                        <div class=\"content-col spacing-small\">\n                            <div class=\"content\">\n                                                                                                        <div class=\"text-block full\">\n                                                                        <div class=\"wysiwyg-content\">\n                                        <h2>How does payment by online transfer work?<\/h2>\n<ol>\n<li>The customer goes to the merchant&#8217;s site;<\/li>\n<li>After choosing their items, they then proceed to payment;<\/li>\n<li>The customer chooses SAFEDEBIT as the payment solution;<\/li>\n<li>They choose to\u00a0<strong>pay in full<\/strong><strong> ;<\/strong><\/li>\n<li>The customer chooses their bank;<\/li>\n<li>They are then redirected to their banking interface;<\/li>\n<li>They self-authenticate and\u00a0<strong>validate their payment by transfer.<\/strong><\/li>\n<\/ol>\n<p><a class=\"btn btn-rounded btn-secondary btn-sm\" href=\"https:\/\/sspayment.com\/en\/contact-us\/\"><strong>Contact SSP to start<\/strong><\/a><\/p>\n\n                                    <\/div>\n                                <\/div>\n                                                                                        <\/div>\n                    <\/div>\n    <\/div>\n<\/section>\n\n\n<section\n        class=\"page-section page-section--rounded-image-texts bg_white img_txt \"\n        data-image-width=\"\"\n        id=\"block_64dca80fb1f41ddce5818d905f7f6546\">\n    <div class=\"container valign-top\">\n                    <div class=\"image-col\">\n                                                    <div class=\"image rounded-image shape-image \">\n                        <img decoding=\"async\" src=\"https:\/\/sspayment.com\/wp-content\/uploads\/2021\/06\/paiement-en-ligne.jpg\" alt=\"Paiement en ligne\" class=\"img-fluid\">\n                    <\/div>\n                            <\/div>\n                        <div class=\"content-col spacing-small\">\n                            <div class=\"content\">\n                                                                                                        <div class=\"text-block full\">\n                                                                        <div class=\"wysiwyg-content\">\n                                        <h2><span class=\"title-2\"><span lang=\"EN-GB\">How does payment by online transfer work in shops or remotely?<\/span><\/span><\/h2>\n<ol>\n<li>The customer wishes to pay for their purchases;<\/li>\n<li>The merchant connects to their SAFEDEBIT interface;<\/li>\n<li>The merchant selects bank transfer as the payment method chosen by their customer;<\/li>\n<li>The merchant provides the customer&#8217;s personal details and bank;<\/li>\n<li>It\u00a0<strong>then initiates the payment by sending a payment link.<\/strong>.<\/li>\n<li>The customer clicks on the link and is redirected to their banking interface;<\/li>\n<li>They self-authenticate and\u00a0<strong>validate their payment by transfer.<\/strong><\/li>\n<\/ol>\n<p><a class=\"btn btn-rounded btn-secondary btn-sm\" href=\"https:\/\/sspayment.com\/en\/contact-us\/\"><strong>Contact SSP to start<\/strong><\/a><\/p>\n\n                                    <\/div>\n                                <\/div>\n                                                                                        <\/div>\n                    <\/div>\n    <\/div>\n<\/section>\n\n\n<section\n        class=\"page-section page-section--rounded-image-texts bg_blue img_txt \"\n        data-image-width=\"\"\n        id=\"block_5e420193e86a27b222db7f40fd2aa1a6\">\n    <div class=\"container valign-top\">\n                    <div class=\"image-col\">\n                                                    <div class=\"image rounded-image shape-image \">\n                        <img decoding=\"async\" src=\"https:\/\/sspayment.com\/wp-content\/uploads\/2021\/06\/paiement-virement-1.jpg\" alt=\"Paiement par virement 100% garanti\" class=\"img-fluid\">\n                    <\/div>\n                            <\/div>\n                        <div class=\"content-col spacing-small\">\n                            <div class=\"content\">\n                                                                                                        <div class=\"text-block full\">\n                                                                        <div class=\"wysiwyg-content\">\n                                        <h2>TRANSFER PAYMENT GUARANTEE<\/h2>\n<h3>Guarantee 100% of your payments<\/h3>\n<p><strong>The transfer is irreversible, and payment is 100% guaranteed.<\/strong>\u00a0<strong>This means of payment is currently capped at \u20ac100,000 per transaction.<\/strong><\/p>\n<p>SSP&#8217;s technology allows a merchant identified as the payee to <strong>set up\u00a0a <\/strong><strong>transfer initiation.<\/strong><strong>\u00a0<\/strong>This action connects the payer with their bank so that they can <strong>validate a payment by transfer or instant transfer<\/strong>.<\/p>\n<p>This process must have the <strong>consent of the payer and be validated using the strong authentication method<\/strong> imposed by their bank. As soon as the payer validates the transaction, SSP is then responsible for sending information back to the merchant. This information will contain the order or basket reference number, the amount, the return code, the date of the transaction, etc.<\/p>\n<p>This information will allow the merchant to reconcile the transaction. It will also be available on the dedicated back-office feature made available by SSP.<\/p>\n<p>&nbsp;<\/p>\n<p><a class=\"btn btn-rounded btn-secondary btn-sm\" href=\"https:\/\/sspayment.com\/contact\/\"><strong>Test the solution<\/strong><\/a><\/p>\n\n                                    <\/div>\n                                <\/div>\n                                                                                        <\/div>\n                    <\/div>\n    <\/div>\n<\/section>\n\n\n<section\n        class=\"page-section page-section--rounded-image-texts bg_white txt_img \"\n        data-image-width=\"\"\n        id=\"block_a488dd959c1c28d0b2b991e9e64a9fb2\">\n    <div class=\"container valign-center\">\n                    <div class=\"image-col\">\n                                                    <div class=\"image rounded-image shape-image shape-image-right\">\n                        <img decoding=\"async\" src=\"https:\/\/sspayment.com\/wp-content\/uploads\/2021\/06\/paiement-magasin.jpg\" alt=\"Paiement en magasin\" class=\"img-fluid\">\n                    <\/div>\n                            <\/div>\n                        <div class=\"content-col spacing-small\">\n                            <div class=\"content\">\n                                                                                                        <div class=\"text-block full\">\n                                                                        <div class=\"wysiwyg-content\">\n                                        <h2>Transfer initiation<\/h2>\n<h3>How to use SAFEDEBIT ?<\/h3>\n<p>Different integration approaches are offered to you with personalised support from our teams of experts:<\/p>\n<ul>\n<li>SaaS mode: through a tablet, smartphone, or laptop.<\/li>\n<li>SDK mode for API integration: within your invoicing system, CRM, ERP\u2026<\/li>\n<li>CMS mode: by downloading our plugins.<\/li>\n<\/ul>\n\n                                    <\/div>\n                                <\/div>\n                                                                                        <\/div>\n                    <\/div>\n    <\/div>\n<\/section>\n","protected":false},"excerpt":{"rendered":"","protected":false},"author":11,"featured_media":0,"parent":8503,"menu_order":0,"comment_status":"closed","ping_status":"closed","template":"","meta":{"_acf_changed":false,"footnotes":""},"class_list":["post-8078","page","type-page","status-publish","hentry"],"acf":[],"_links":{"self":[{"href":"https:\/\/sspayment.com\/en\/wp-json\/wp\/v2\/pages\/8078","targetHints":{"allow":["GET"]}}],"collection":[{"href":"https:\/\/sspayment.com\/en\/wp-json\/wp\/v2\/pages"}],"about":[{"href":"https:\/\/sspayment.com\/en\/wp-json\/wp\/v2\/types\/page"}],"author":[{"embeddable":true,"href":"https:\/\/sspayment.com\/en\/wp-json\/wp\/v2\/users\/11"}],"replies":[{"embeddable":true,"href":"https:\/\/sspayment.com\/en\/wp-json\/wp\/v2\/comments?post=8078"}],"version-history":[{"count":12,"href":"https:\/\/sspayment.com\/en\/wp-json\/wp\/v2\/pages\/8078\/revisions"}],"predecessor-version":[{"id":11054,"href":"https:\/\/sspayment.com\/en\/wp-json\/wp\/v2\/pages\/8078\/revisions\/11054"}],"up":[{"embeddable":true,"href":"https:\/\/sspayment.com\/en\/wp-json\/wp\/v2\/pages\/8503"}],"wp:attachment":[{"href":"https:\/\/sspayment.com\/en\/wp-json\/wp\/v2\/media?parent=8078"}],"curies":[{"name":"wp","href":"https:\/\/api.w.org\/{rel}","templated":true}]}}