{"id":8125,"date":"2022-10-06T10:10:08","date_gmt":"2022-10-06T10:10:08","guid":{"rendered":"https:\/\/sspayment.com\/?page_id=8125"},"modified":"2024-09-26T14:33:09","modified_gmt":"2024-09-26T12:33:09","slug":"health","status":"publish","type":"page","link":"https:\/\/sspayment.com\/en\/health\/","title":{"rendered":"Health"},"content":{"rendered":"<section class=\"page-section page-section--text-image-intro \" id=\"block_b485976f764a1dd9632e4d58e1a14598\">\n    <div class=\"section-shapes\">\n                    <\/div>\n    <div class=\"container width-text-normal\">\n        <div class=\"text\">\n            <div class=\"wysiwyg-content\">\n                <p><img loading=\"lazy\" decoding=\"async\" class=\"alignnone wp-image-797 size-full\" role=\"img\" src=\"https:\/\/sspayment.com\/wp-content\/uploads\/2021\/01\/logo-santigo-1.svg\" alt=\"Santigo\" width=\"173\" height=\"53\" \/><\/p>\n<h1>a digital payment solution dedicated to the healthcare sector<\/h1>\n<p><a class=\"btn btn-rounded btn-secondary btn-sm\" href=\"https:\/\/sspayment.com\/en\/contact-us\/\"><strong>Request a demo<\/strong><\/a><\/p>\n\n            <\/div>\n        <\/div>\n                                                <div class=\"video align-left \">\n                    <div class=\"video-inner\">\n                        <button type=\"button\" class=\"btn-play\" data-toggle=\"modal\"\n                                data-target=\"#videoModalblock_b485976f764a1dd9632e4d58e1a14598\">\n                            <svg xmlns=\"http:\/\/www.w3.org\/2000\/svg\" width=\"78\" height=\"90\" viewBox=\"0 0 78 90\"><g><g><path fill=\"#fff\" d=\"M78 45L0 90V0z\"\/><\/g><\/g><\/svg>\n                        <\/button>\n                                                    <img decoding=\"async\" src=\"https:\/\/sspayment.com\/wp-content\/uploads\/2021\/01\/img-video-553x0-c-default.jpg\" alt=\"Santigo, solution de paiement digitale secteur sant\u00e9\" width=\"553\"\n                                 class=\"img-fluid\">\n                                            <\/div>\n                <\/div>\n                        <\/div>\n            <div class=\"modal fade\" id=\"videoModalblock_b485976f764a1dd9632e4d58e1a14598\" tabindex=\"-1\" role=\"dialog\"\n             aria-labelledby=\"videoModalblock_b485976f764a1dd9632e4d58e1a14598Label\" aria-hidden=\"true\">\n            <div class=\"modal-dialog modal-lg modal-dialog-centered\" role=\"document\">\n                <div class=\"modal-content\">\n                    <div class=\"modal-header\">\n                        <button type=\"button\" class=\"close\" data-dismiss=\"modal\" aria-label=\"Close\">\n                            <span aria-hidden=\"true\">&times;<\/span>\n                        <\/button>\n                    <\/div>\n                    <div class=\"modal-body\">\n                        <div class=\"embed-responsive embed-responsive-16by9\">\n                            <iframe loading=\"lazy\" title=\"SANTIGO | Notre solution digitale de paiement d\u00e9di\u00e9e au secteur de la sant\u00e9\" width=\"640\" height=\"360\" src=\"https:\/\/www.youtube.com\/embed\/OzwgmNqDYzI?feature=oembed\" frameborder=\"0\" allow=\"accelerometer; autoplay; clipboard-write; encrypted-media; gyroscope; picture-in-picture; web-share\" referrerpolicy=\"strict-origin-when-cross-origin\" allowfullscreen><\/iframe>\n                        <\/div>\n                    <\/div>\n                <\/div>\n            <\/div>\n        <\/div>\n    <\/section>\n\n\n<section\n        class=\"page-section page-section--rounded-image-texts bg_white txt_img \"\n        data-image-width=\"\"\n        id=\"block_7fa6e8ec8ed35d1d0fccde3c87801c5b\">\n    <div class=\"container valign-top\">\n                    <div class=\"image-col\">\n                                                    <div class=\"image shape-image-right\">\n                        <img decoding=\"async\" src=\"https:\/\/sspayment.com\/wp-content\/uploads\/2021\/01\/main_smartphone.png\" alt=\"Paiement reste \u00e0 charge par compte bancaire\"\n                             class=\"img-fluid\">\n                    <\/div>\n                            <\/div>\n                        <div class=\"content-col spacing-small\">\n                            <div class=\"content\">\n                                                                                                        <div class=\"text-block full\">\n                                                                        <div class=\"wysiwyg-content\">\n                                        <h2><strong>Santigo allows payment of\u00a0 outstanding amounts using a bank account<\/strong><\/h2>\n\n                                    <\/div>\n                                <\/div>\n                                                            <div class=\"text-block half\">\n                                                                                                                    <div class=\"picto\">\n                                            <img loading=\"lazy\" decoding=\"async\" src=\"https:\/\/sspayment.com\/wp-content\/uploads\/2021\/01\/cadenas.png\" alt=\"S\u00e9curisation paiement reste \u00e0 charge\" width=\"31\"\n                                                 height=\"36\">\n                                        <\/div>\n                                                                        <div class=\"wysiwyg-content\">\n                                        <p>You can secure, facilitate, and optimise the collection of outstanding amounts payable by the patient from the moment of their pre-admission.<\/p>\n\n                                    <\/div>\n                                <\/div>\n                                                            <div class=\"text-block half\">\n                                                                                                                    <div class=\"picto\">\n                                            <img loading=\"lazy\" decoding=\"async\" src=\"https:\/\/sspayment.com\/wp-content\/uploads\/2021\/01\/recycle.png\" alt=\"S\u00e9curisation encaissement reste \u00e0 charge\" width=\"32\"\n                                                 height=\"32\">\n                                        <\/div>\n                                                                        <div class=\"wysiwyg-content\">\n                                        <p>You can secure the collection of outstanding amounts payable by the patient from the moment of their pre-admission.<\/p>\n\n                                    <\/div>\n                                <\/div>\n                                                            <div class=\"text-block half\">\n                                                                                                                    <div class=\"picto\">\n                                            <img loading=\"lazy\" decoding=\"async\" src=\"https:\/\/sspayment.com\/wp-content\/uploads\/2021\/01\/euro-check.png\" alt=\"Paiement reste \u00e0 charge\" width=\"42\"\n                                                 height=\"34\">\n                                        <\/div>\n                                                                        <div class=\"wysiwyg-content\">\n                                        <p>Santigo is perfectly designed to adapt to different patient pathways within a healthcare facility.<\/p>\n\n                                    <\/div>\n                                <\/div>\n                                                            <div class=\"text-block half\">\n                                                                                                                    <div class=\"picto\">\n                                            <img loading=\"lazy\" decoding=\"async\" src=\"https:\/\/sspayment.com\/wp-content\/uploads\/2021\/02\/omnicanal.svg\" alt=\"Solution paiement omnicanal\" width=\"66\"\n                                                 height=\"65\">\n                                        <\/div>\n                                                                        <div class=\"wysiwyg-content\">\n                                        <p>It represents an omnichannel solution that can be directly integrated into your patient management software or separately using SaaS mode.<\/p>\n\n                                    <\/div>\n                                <\/div>\n                                                                                        <\/div>\n                    <\/div>\n    <\/div>\n<\/section>\n\n\n<section class=\"page-section page-section--three-columns  white\"\n         data-columns-count=\"3\"\n         data-columns-alignment=\"center\"\n         id=\"block_9d59c5e4f8a65fb7e5cfc11158bc4ce4\">\n    <div class=\"container\">\n                    <h3 class=\"section-title color-primary size-big\">Santigo can be used:<\/h3>\n                                    <div class=\"section-inner  vertical-align\">\n                                    <div class=\"block-icon-text text_under\">\n                                                                                <div class=\"icon align-center\">\n                                <img decoding=\"async\" src=\"https:\/\/sspayment.com\/wp-content\/uploads\/2021\/01\/cas-1-1.png\" alt=\"Paiement reste \u00e0 charge en admission\" class=\"img-fluid\">\n                            <\/div>\n                                                                            <div class=\"text\">\n                                <div class=\"wysiwyg-content\">\n                                    <h3><span class=\"txt-secondary title-2\"><strong>Pre-admission \/ upon admission<\/strong><\/span><\/h3>\n<p>&nbsp;<\/p>\n<ul>\n<li>The patient receives a SEPA mandate signature link.<\/li>\n<li>They then sign their direct debit mandate using their phone.<\/li>\n<li>The patient&#8217;s account is automatically debited when the Outstanding Amount is calculated.<\/li>\n<\/ul>\n\n                                <\/div>\n                            <\/div>\n                                            <\/div>\n                                    <div class=\"block-icon-text text_under\">\n                                                                                <div class=\"icon align-center\">\n                                <img decoding=\"async\" src=\"https:\/\/sspayment.com\/wp-content\/uploads\/2021\/01\/cas-2-1.png\" alt=\"Paiement reste \u00e0 charge \u00e0 la sortie\" class=\"img-fluid\">\n                            <\/div>\n                                                                            <div class=\"text\">\n                                <div class=\"wysiwyg-content\">\n                                    <h3><span class=\"title-2 txt-secondary\">Upon patient discharge<\/span><\/h3>\n<p>&nbsp;<\/p>\n<ul>\n<li>The agent initiates a transfer on behalf of the patient.<\/li>\n<li>The patient receives the payment link on their telephone.<\/li>\n<li>The patient self-authenticates with their bank and confirms payment.<\/li>\n<\/ul>\n\n                                <\/div>\n                            <\/div>\n                                            <\/div>\n                                    <div class=\"block-icon-text text_under\">\n                                                                                <div class=\"icon align-center\">\n                                <img decoding=\"async\" src=\"https:\/\/sspayment.com\/wp-content\/uploads\/2021\/01\/cas-3-1.png\" alt=\"Paiement reste \u00e0 charge \u00e0 distance\" class=\"img-fluid\">\n                            <\/div>\n                                                                            <div class=\"text\">\n                                <div class=\"wysiwyg-content\">\n                                    <h3><span class=\"title-2 txt-secondary\"><strong>Via the accounting department<\/strong><\/span><\/h3>\n<p>&nbsp;<\/p>\n<ul>\n<li>The agent sends a payment link to the patient by SMS.<\/li>\n<li>The patient clicks on the payment link\u00a0and proceeds to payment.<\/li>\n<\/ul>\n\n                                <\/div>\n                            <\/div>\n                                            <\/div>\n                            <\/div>\n                            <div class=\"link-bottom text-center\">\n                <a href=\"https:\/\/sspayment.com\/en\/contact-us\/\" target=\"\"\n                   class=\"btn btn-rounded btn-secondary btn-sm\">Contact-us<\/a>\n            <\/div>\n            <\/div>\n<\/section>\n\n\n<section class=\"page-section page-section--customer-case-simple bg_blue \">\n    <div class=\"container section-shapes-container\">\n                    <header class=\"section-header\">\n                <h2 class=\"section-title\" data-color=\"blue\">\n                    Client case study\n                <\/h2>\n            <\/header>\n        \n        <div class=\"customer-case-container\">\n            <div class=\"col-left\">\n                <div class=\"wysiwyg-content\">\n                    <h3><span class=\"txt-secondary\"><strong>Payment problems for Outstanding Arrears<\/strong><\/span><\/h3>\n<p>Outstanding arrears equate to 1.4 billion Euros of the 46.8 billion Euros of total services invoiced. One of the major challenges is recovering patient debts. The amount of unrecovered arrears is estimated to be around 550 million Euros per year (one year after the conclusion of the patient\u2019s care). This figure only relates to public hospitals.<\/p>\n<p>As part of the SIMPHONIE (Simplification of the Hospital Administrative Pathway and Digitisation of Information Exchange) DIAPASON (Resulting Debts After the Care Pathway) programme, and in order to improve and modernise the collection of outstanding debts to be borne by patients, the CAIH (Hospital IT Purchasing Centre) has launched a call for tenders. The purpose of this programme is to provide healthcare establishments with a payment solution, allowing them to automatically debit the patient&#8217;s outstanding balance as soon as the third-party invoice is billable.<\/p>\n<p>This programme aims to simplify the patient\u2019s hospital administrative journey and to optimise reception, invoicing, and collection chain performance for healthcare establishments (across all domains).<\/p>\n\n                <\/div>\n            <\/div>\n            <div class=\"col-right\">\n                <div class=\"text-box\">\n                    <div class=\"wysiwyg-content\">\n                        <p><span class=\"title-4 txt-secondary\">SSP solution<\/span><\/p>\n<p style=\"text-align: justify;\">The SSP Santiago solution was chosen because it perfectly met the challenges and patient pathways experienced within a hospital environment.<\/p>\n\n                    <\/div>\n                <\/div>\n                                                        <img decoding=\"async\" src=\"https:\/\/sspayment.com\/wp-content\/uploads\/2021\/01\/cas_client_sante-575x0-c-default.png\" alt=\"Santigo, solution de paiement digitale secteur sant\u00e9\" width=\"575\" class=\"img-fluid\">\n                            <\/div>\n        <\/div>\n    <\/div>\n<\/section>\n\n\n<section class=\"page-section page-section--logo-partners \" id=\"block_85faa5469bc31e1b8ab03eb290ee11f7\">\n    <div class=\"container\">\n                    <h3 class=\"section-title text-center\">They\u2019ve put their trust in us<\/h3>\n                                                    <div class=\"partner-logos\">\n                    <div class=\"splide js-partner-logos\" aria-label=\"Partenaires\">\n                        <div class=\"splide__track\">\n                            <ul class=\"splide__list\">\n                                                                    \n                                                                                                            \n                                    <li class=\"splide__slide partner-logos__slide\">\n                                                                                    <img class=\"partner-logos__img\" src=\"https:\/\/sspayment.com\/wp-content\/uploads\/2021\/06\/urgences-veterinaires-lyon-adomvet-logo-convertimage-112x113.png\" alt=\"\" loading=\"lazy\" decoding=\"async\">\n                                                                            <\/li>\n                                                                    \n                                                                                                            \n                                    <li class=\"splide__slide partner-logos__slide\">\n                                                                                    <img class=\"partner-logos__img\" src=\"https:\/\/sspayment.com\/wp-content\/uploads\/2021\/06\/logo_caih_400-convertimage-112x36.png\" alt=\"\" loading=\"lazy\" decoding=\"async\">\n                                                                            <\/li>\n                                                                    \n                                                                                                            \n                                    <li class=\"splide__slide partner-logos__slide\">\n                                                                                    <img class=\"partner-logos__img\" src=\"https:\/\/sspayment.com\/wp-content\/uploads\/2021\/06\/iajqax70bgvaxwdqpdna-convertimage-112x123.png\" alt=\"\" loading=\"lazy\" decoding=\"async\">\n                                                                            <\/li>\n                                                                    \n                                                                                                            \n                                    <li class=\"splide__slide partner-logos__slide\">\n                                                                                    <img class=\"partner-logos__img\" src=\"https:\/\/sspayment.com\/wp-content\/uploads\/2021\/02\/clinique_du_parc_lyon.jpg\" alt=\"\" loading=\"lazy\" decoding=\"async\">\n                                                                            <\/li>\n                                                                    \n                                                                                                            \n                                    <li class=\"splide__slide partner-logos__slide\">\n                                                                                    <img class=\"partner-logos__img\" src=\"https:\/\/sspayment.com\/wp-content\/uploads\/2021\/02\/dentego-1.png\" alt=\"\" loading=\"lazy\" decoding=\"async\">\n                                                                            <\/li>\n                                                                    \n                                                                                                            \n                                    <li class=\"splide__slide partner-logos__slide\">\n                                                                                    <img class=\"partner-logos__img\" src=\"https:\/\/sspayment.com\/wp-content\/uploads\/2021\/05\/dgos-112x84.jpg\" alt=\"DGOS\" loading=\"lazy\" decoding=\"async\">\n                                                                            <\/li>\n                                                                    \n                                                                                                            \n                                    <li class=\"splide__slide partner-logos__slide\">\n                                                                                    <img class=\"partner-logos__img\" src=\"https:\/\/sspayment.com\/wp-content\/uploads\/2021\/02\/elite_medicale.png\" alt=\"\" loading=\"lazy\" decoding=\"async\">\n                                                                            <\/li>\n                                                                    \n                                                                                                            \n                                    <li class=\"splide__slide partner-logos__slide\">\n                                                                                    <img class=\"partner-logos__img\" src=\"https:\/\/sspayment.com\/wp-content\/uploads\/2021\/02\/ld_medical.png\" alt=\"\" loading=\"lazy\" decoding=\"async\">\n                                                                            <\/li>\n                                                                    \n                                                                                                            \n                                    <li class=\"splide__slide partner-logos__slide\">\n                                                                                    <img class=\"partner-logos__img\" src=\"https:\/\/sspayment.com\/wp-content\/uploads\/2021\/02\/malys_equipements.jpg\" alt=\"\" loading=\"lazy\" decoding=\"async\">\n                                                                            <\/li>\n                                                                    \n                                                                                                            \n                                    <li class=\"splide__slide partner-logos__slide\">\n                                                                                    <img class=\"partner-logos__img\" src=\"https:\/\/sspayment.com\/wp-content\/uploads\/2021\/06\/medisis-convertimage-112x27.png\" alt=\"\" loading=\"lazy\" decoding=\"async\">\n                                                                            <\/li>\n                                                                    \n                                                                                                            \n                                    <li class=\"splide__slide partner-logos__slide\">\n                                                                                    <img class=\"partner-logos__img\" src=\"https:\/\/sspayment.com\/wp-content\/uploads\/2021\/02\/natecia-1.png\" alt=\"\" loading=\"lazy\" decoding=\"async\">\n                                                                            <\/li>\n                                                                    \n                                                                                                            \n                                    <li class=\"splide__slide partner-logos__slide\">\n                                                                                    <img class=\"partner-logos__img\" src=\"https:\/\/sspayment.com\/wp-content\/uploads\/2021\/02\/reve_leen.png\" alt=\"\" loading=\"lazy\" decoding=\"async\">\n                                                                            <\/li>\n                                                                    \n                                                                                                            \n                                    <li class=\"splide__slide partner-logos__slide\">\n                                                                                    <img class=\"partner-logos__img\" src=\"https:\/\/sspayment.com\/wp-content\/uploads\/2021\/02\/smia.jpg\" alt=\"\" loading=\"lazy\" decoding=\"async\">\n                                                                            <\/li>\n                                                                    \n                                                                                                            \n                                    <li class=\"splide__slide partner-logos__slide\">\n                                                                                    <img class=\"partner-logos__img\" src=\"https:\/\/sspayment.com\/wp-content\/uploads\/2021\/02\/smie.jpg\" alt=\"\" loading=\"lazy\" decoding=\"async\">\n                                                                            <\/li>\n                                                                    \n                                                                                                            \n                                    <li class=\"splide__slide partner-logos__slide\">\n                                                                                    <img class=\"partner-logos__img\" src=\"https:\/\/sspayment.com\/wp-content\/uploads\/2021\/02\/ucvet.png\" alt=\"\" loading=\"lazy\" decoding=\"async\">\n                                                                            <\/li>\n                                                                    \n                                                                                                            \n                                    <li class=\"splide__slide partner-logos__slide\">\n                                                                                    <img class=\"partner-logos__img\" src=\"https:\/\/sspayment.com\/wp-content\/uploads\/2021\/06\/logo-visiodent-marseille-736x145-convertimage-112x22.png\" alt=\"\" loading=\"lazy\" decoding=\"async\">\n                                                                            <\/li>\n                                                            <\/ul>\n                        <\/div>\n                    <\/div>\n                <\/div>\n                        <\/div>\n<\/section>\n","protected":false},"excerpt":{"rendered":"","protected":false},"author":11,"featured_media":0,"parent":0,"menu_order":0,"comment_status":"closed","ping_status":"closed","template":"","meta":{"_acf_changed":false,"footnotes":""},"class_list":["post-8125","page","type-page","status-publish","hentry"],"acf":[],"_links":{"self":[{"href":"https:\/\/sspayment.com\/en\/wp-json\/wp\/v2\/pages\/8125","targetHints":{"allow":["GET"]}}],"collection":[{"href":"https:\/\/sspayment.com\/en\/wp-json\/wp\/v2\/pages"}],"about":[{"href":"https:\/\/sspayment.com\/en\/wp-json\/wp\/v2\/types\/page"}],"author":[{"embeddable":true,"href":"https:\/\/sspayment.com\/en\/wp-json\/wp\/v2\/users\/11"}],"replies":[{"embeddable":true,"href":"https:\/\/sspayment.com\/en\/wp-json\/wp\/v2\/comments?post=8125"}],"version-history":[{"count":10,"href":"https:\/\/sspayment.com\/en\/wp-json\/wp\/v2\/pages\/8125\/revisions"}],"predecessor-version":[{"id":12680,"href":"https:\/\/sspayment.com\/en\/wp-json\/wp\/v2\/pages\/8125\/revisions\/12680"}],"wp:attachment":[{"href":"https:\/\/sspayment.com\/en\/wp-json\/wp\/v2\/media?parent=8125"}],"curies":[{"name":"wp","href":"https:\/\/api.w.org\/{rel}","templated":true}]}}