{"id":8288,"date":"2022-10-05T16:05:08","date_gmt":"2022-10-05T14:05:08","guid":{"rendered":"https:\/\/sspayment.com\/?page_id=8288"},"modified":"2026-02-26T17:48:08","modified_gmt":"2026-02-26T16:48:08","slug":"contact-us","status":"publish","type":"page","link":"https:\/\/sspayment.com\/en\/contact-us\/","title":{"rendered":"Contact-us"},"content":{"rendered":"<section class=\"page-section page-section--contact-form-2 \"\n         data-column-width=\"30_70\"\n>\n    <div class=\"container\">\n                    <div class=\"intro\">\n                <p>Contact us<\/p>\n\n            <\/div>\n                <div class=\"form form-component\">\n                        <div class=\"forms-type-wrapper\">\n                                    <div class=\"form-type-container\" data-type=\"not-client\">\n                        <div class=\"forminator-ui forminator-custom-form forminator-custom-form-13768 forminator-design--default  forminator_ajax\" data-forminator-render=\"0\" data-form=\"forminator-module-13768\" data-uid=\"69d11582b57fe\"><br\/><\/div><form\n\t\t\t\tid=\"forminator-module-13768\"\n\t\t\t\tclass=\"forminator-ui forminator-custom-form forminator-custom-form-13768 forminator-design--default  forminator_ajax\"\n\t\t\t\tmethod=\"post\"\n\t\t\t\tdata-forminator-render=\"0\"\n\t\t\t\tdata-form-id=\"13768\"\n\t\t\t\t data-color-option=\"theme\" data-design=\"default\" data-grid=\"open\" style=\"display: none;\"\n\t\t\t\tdata-uid=\"69d11582b57fe\"\n\t\t\t><div role=\"alert\" aria-live=\"polite\" class=\"forminator-response-message forminator-error\" aria-hidden=\"true\"><\/div><div class=\"forminator-row\"><div id=\"name-1\" class=\"forminator-field-name forminator-col forminator-col-12 \"><div class=\"forminator-field\"><label for=\"forminator-field-name-1_69d11582b57fe\" id=\"forminator-field-name-1_69d11582b57fe-label\" class=\"forminator-label\">Surname <span class=\"forminator-required\">*<\/span><\/label><input type=\"text\" name=\"name-1\" value=\"\" placeholder=\"\" id=\"forminator-field-name-1_69d11582b57fe\" class=\"forminator-input forminator-name--field\" aria-required=\"true\" autocomplete=\"name\" \/><\/div><\/div><\/div><div class=\"forminator-row\"><div id=\"name-2\" class=\"forminator-field-name forminator-col forminator-col-12 \"><div class=\"forminator-field\"><label for=\"forminator-field-name-2_69d11582b57fe\" id=\"forminator-field-name-2_69d11582b57fe-label\" class=\"forminator-label\">First Name<\/label><input type=\"text\" name=\"name-2\" value=\"\" placeholder=\"\" id=\"forminator-field-name-2_69d11582b57fe\" class=\"forminator-input forminator-name--field\" aria-required=\"false\" autocomplete=\"name\" \/><\/div><\/div><\/div><div class=\"forminator-row\"><div id=\"select-1\" class=\"forminator-field-select forminator-col forminator-col-12 \"><div class=\"forminator-field\"><label for=\"forminator-form-13768__field--select-1_69d11582b57fe\" id=\"forminator-form-13768__field--select-1_69d11582b57fe-label\" class=\"forminator-label\">Business sector <span class=\"forminator-required\">*<\/span><\/label><select  id=\"forminator-form-13768__field--select-1_69d11582b57fe\" class=\"forminator-select--field forminator-select2 forminator-select2-multiple\" data-required=\"1\" name=\"select-1\" data-default-value=\"\" data-hidden-behavior=\"zero\" data-placeholder=\"Select\" data-search=\"false\" data-search-placeholder=\"Select\" data-checkbox=\"false\" data-allow-clear=\"false\" aria-labelledby=\"forminator-form-13768__field--select-1_69d11582b57fe-label\"><option value=\"\"  >Select<\/option><option value=\"Agriculture\"  data-calculation=\"0\">Agriculture<\/option><option value=\"one\"  data-calculation=\"0\">Automotive<\/option><option value=\"Banques-et-assurances\"  data-calculation=\"0\">Banking \/ Insurance<\/option><option value=\"Commerce---Distribution\"  data-calculation=\"0\">Commerce \/ Distribution<\/option><option value=\"BTP---Construction\"  data-calculation=\"0\">Construction<\/option><option value=\"Energie\"  data-calculation=\"0\">Energy<\/option><option value=\"Formation---Enseignement\"  data-calculation=\"0\">Training \/ Teaching<\/option><option value=\"Industrie\"  data-calculation=\"0\">Industry<\/option><option value=\"IT---T\u00e9l\u00e9com\"  data-calculation=\"0\">IT \/ Telecom<\/option><option value=\"Luxe\"  data-calculation=\"0\">Luxury<\/option><option value=\"Sant\u00e9\"  data-calculation=\"0\">Healthcare \/ Pharmaceutical \/ Cosmetics<\/option><option value=\"Secteur-public\"  data-calculation=\"0\">Public Sector<\/option><option value=\"Services-aux-particuliers\"  data-calculation=\"0\">Consumer Services<\/option><option value=\"Services-aux-entreprises\"  data-calculation=\"0\">Business Services<\/option><option value=\"Voyage---Tourisme---Loisirs\"  data-calculation=\"0\">Travel \/ Tourism \/ Leisure<\/option><option value=\"Transport\"  data-calculation=\"0\">Transport \/ Logistics<\/option><option value=\"Autre\"  data-calculation=\"0\">Other<\/option><\/select><\/div><\/div><\/div><div class=\"forminator-row\"><div id=\"name-3\" class=\"forminator-field-name forminator-col forminator-col-12 \"><div class=\"forminator-field\"><label for=\"forminator-field-name-3_69d11582b57fe\" id=\"forminator-field-name-3_69d11582b57fe-label\" class=\"forminator-label\">Soci\u00e9t\u00e9 <span class=\"forminator-required\">*<\/span><\/label><input type=\"text\" name=\"name-3\" value=\"\" placeholder=\"\" id=\"forminator-field-name-3_69d11582b57fe\" class=\"forminator-input forminator-name--field\" aria-required=\"true\" autocomplete=\"name\" \/><\/div><\/div><\/div><div class=\"forminator-row\"><div id=\"email-2\" class=\"forminator-field-email forminator-col forminator-col-12 \"><div class=\"forminator-field\"><label for=\"forminator-field-email-2_69d11582b57fe\" id=\"forminator-field-email-2_69d11582b57fe-label\" class=\"forminator-label\">Email <span class=\"forminator-required\">*<\/span><\/label><input type=\"email\" name=\"email-2\" value=\"\" placeholder=\"\" id=\"forminator-field-email-2_69d11582b57fe\" class=\"forminator-input forminator-email--field\" data-required=\"1\" aria-required=\"true\" autocomplete=\"email\" \/><\/div><\/div><\/div><div class=\"forminator-row\"><div id=\"phone-1\" class=\"forminator-field-phone forminator-col forminator-col-12 \"><div class=\"forminator-field\"><label for=\"forminator-field-phone-1_69d11582b57fe\" id=\"forminator-field-phone-1_69d11582b57fe-label\" class=\"forminator-label\">Mobile <span class=\"forminator-required\">*<\/span><\/label><input type=\"text\" name=\"phone-1\" value=\"\" placeholder=\"\" id=\"forminator-field-phone-1_69d11582b57fe\" class=\"forminator-input forminator-field--phone\" data-required=\"1\" aria-required=\"true\" autocomplete=\"off\" \/><\/div><\/div><\/div><div class=\"forminator-row\"><div id=\"textarea-1\" class=\"forminator-field-textarea forminator-col forminator-col-12 \"><div class=\"forminator-field\"><label for=\"forminator-field-textarea-1_69d11582b57fe\" id=\"forminator-field-textarea-1_69d11582b57fe-label\" class=\"forminator-label\">Message <span class=\"forminator-required\">*<\/span><\/label><span id=\"forminator-field-textarea-1_69d11582b57fe-description\" class=\"forminator-description\"><span data-limit=\"500\" data-type=\"characters\" data-editor=\"\">0 \/ 500<\/span><\/span><textarea name=\"textarea-1\" placeholder=\"\" id=\"forminator-field-textarea-1_69d11582b57fe\" class=\"forminator-textarea\" rows=\"6\" style=\"min-height:140px;\" maxlength=\"500\" ><\/textarea><\/div><\/div><\/div><div class=\"forminator-row\"><div id=\"consent-1\" class=\"forminator-field-consent forminator-col forminator-col-12 \"><div class=\"forminator-field\"><label for=\"forminator-field-consent-1_69d11582b57fe\" id=\"forminator-field-consent-1_69d11582b57fe-label\" class=\"forminator-label\">Consent <span class=\"forminator-required\">*<\/span><\/label><div class=\"forminator-checkbox__wrapper\"><label id=\"forminator-field-consent-1_69d11582b57fe__label\" class=\"forminator-checkbox forminator-consent\" aria-labelledby=\"forminator-field-consent-1_69d11582b57fe-label\"><input type=\"checkbox\" name=\"consent-1\" id=\"forminator-field-consent-1_69d11582b57fe\" value=\"checked\" aria-labelledby=\"forminator-field-consent-1_69d11582b57fe-label\" aria-describedby=\"forminator-field-consent-1_69d11582b57fe__description\" data-required=\"true\" aria-required=\"true\" \/><span class=\"forminator-checkbox-box\" aria-hidden=\"true\"><\/span><\/label><div id=\"forminator-field-consent-1_69d11582b57fe__description\" class=\"forminator-checkbox__label forminator-consent__label\"><p><em>En soumettant ce formulaire, vous&nbsp;&nbsp;acceptez que SSP (Score Secure Payment) m\u00e9morise et utilise vos donn\u00e9es personnelles dans&nbsp;les conditions d\u00e9crites dans la&nbsp;<a href=\"https:\/\/sspayment.com\/politique-de-confidentialite\/\">D\u00e9claration de confidentialit\u00e9.<\/a><\/em><\/p>\n<p>J'ai pris connaissance de la <a href=\"https:\/\/sspayment.com\/politique-de-confidentialite\/\">politique de confidentialit\u00e9<\/a> et j'autorise SSP \u00e0 m'envoyer des informations.<\/p><\/div><\/div><\/div><\/div><\/div><div class=\"forminator-row\"><div id=\"captcha-1\" class=\"forminator-field-captcha forminator-col forminator-col-12 \"><div class=\"forminator-captcha-center forminator-hcaptcha\" data-theme=\"light\"  data-sitekey=\"b604de5a-f2a0-47b2-964e-231e371c4c28\" data-size=\"normal\"><\/div> <\/div><\/div><input type=\"hidden\" name=\"referer_url\" value=\"\" \/><div class=\"forminator-row forminator-row-last\"><div class=\"forminator-col\"><div class=\"forminator-field\"><button class=\"forminator-button forminator-button-submit\">Envoyer<\/button><\/div><\/div><\/div><input type=\"hidden\" id=\"forminator_nonce\" name=\"forminator_nonce\" value=\"f54e879f61\" \/><input type=\"hidden\" name=\"_wp_http_referer\" value=\"\/en\/wp-json\/wp\/v2\/pages\/8288\" \/><input type=\"hidden\" name=\"form_id\" value=\"13768\"><input type=\"hidden\" name=\"page_id\" value=\"8288\"><input type=\"hidden\" name=\"form_type\" value=\"default\"><input type=\"hidden\" name=\"current_url\" value=\"https:\/\/sspayment.com\/en\/contact-us\/\"><input type=\"hidden\" name=\"render_id\" value=\"0\"><input type=\"hidden\" name=\"action\" value=\"forminator_submit_form_custom-forms\"><\/form>\n                    <\/div>\n                                                            <\/div>\n        <\/div>\n    <\/div>\n<\/section>\n","protected":false},"excerpt":{"rendered":"","protected":false},"author":11,"featured_media":0,"parent":0,"menu_order":0,"comment_status":"closed","ping_status":"closed","template":"","meta":{"_acf_changed":false,"footnotes":""},"class_list":["post-8288","page","type-page","status-publish","hentry"],"acf":[],"_links":{"self":[{"href":"https:\/\/sspayment.com\/en\/wp-json\/wp\/v2\/pages\/8288","targetHints":{"allow":["GET"]}}],"collection":[{"href":"https:\/\/sspayment.com\/en\/wp-json\/wp\/v2\/pages"}],"about":[{"href":"https:\/\/sspayment.com\/en\/wp-json\/wp\/v2\/types\/page"}],"author":[{"embeddable":true,"href":"https:\/\/sspayment.com\/en\/wp-json\/wp\/v2\/users\/11"}],"replies":[{"embeddable":true,"href":"https:\/\/sspayment.com\/en\/wp-json\/wp\/v2\/comments?post=8288"}],"version-history":[{"count":4,"href":"https:\/\/sspayment.com\/en\/wp-json\/wp\/v2\/pages\/8288\/revisions"}],"predecessor-version":[{"id":13854,"href":"https:\/\/sspayment.com\/en\/wp-json\/wp\/v2\/pages\/8288\/revisions\/13854"}],"wp:attachment":[{"href":"https:\/\/sspayment.com\/en\/wp-json\/wp\/v2\/media?parent=8288"}],"curies":[{"name":"wp","href":"https:\/\/api.w.org\/{rel}","templated":true}]}}